{"id":5092,"date":"2021-07-22T16:54:39","date_gmt":"2021-07-22T14:54:39","guid":{"rendered":"https:\/\/www.izt-labs.de\/?page_id=5092"},"modified":"2021-07-29T15:31:36","modified_gmt":"2021-07-29T13:31:36","slug":"funkpeiler","status":"publish","type":"page","link":"https:\/\/www.izt-labs.de\/de\/funkpeiler\/","title":{"rendered":"Funkpeiler"},"content":{"rendered":"<p>Das IZT-Angebot an Geolokalisierungssystemen umfasst sowohl<strong> korrelative und hochaufl\u00f6sende Funkpeiler (DF)<\/strong> als auch die Senderortung auf Basis der Ankunftszeitdifferenz (TDOA). Basierend auf der neuesten Generation von IZT-Empf\u00e4ngern k\u00f6nnen <strong>tausende von Sendern<\/strong> parallel analysiert werden.<\/p>\n<a class=\"aufklappButton\">Mehr \u00fcber IZT Funkpeiler<\/a><div class=\"aufklapp\"><br \/>\nVon tragbaren und semiportablen Peilern \u00fcber f\u00fcr die Flugsicherung optimierte Systeme bis hin zu gro\u00dfen HF-Peilanlagen k\u00f6nnen wir nicht nur RDF-Sensoren, sondern auch komplette<strong> RDF-L\u00f6sungen<\/strong> anbieten.<br \/>\n<\/div>\n","protected":false},"excerpt":{"rendered":"<p>Das IZT-Angebot an Geolokalisierungssystemen umfasst sowohl korrelative und hochaufl\u00f6sende Funkpeiler (DF) als auch die Senderortung auf Basis der Ankunftszeitdifferenz (TDOA). Basierend auf der neuesten Generation von IZT-Empf\u00e4ngern k\u00f6nnen tausende von Sendern parallel analysiert werden.<\/p>\n","protected":false},"author":16,"featured_media":4320,"parent":0,"menu_order":0,"comment_status":"closed","ping_status":"closed","template":"page-productcategory.php","meta":{"_acf_changed":false,"footnotes":""},"class_list":["post-5092","page","type-page","status-publish","has-post-thumbnail","hentry"],"acf":[],"_links":{"self":[{"href":"https:\/\/www.izt-labs.de\/de\/wp-json\/wp\/v2\/pages\/5092","targetHints":{"allow":["GET"]}}],"collection":[{"href":"https:\/\/www.izt-labs.de\/de\/wp-json\/wp\/v2\/pages"}],"about":[{"href":"https:\/\/www.izt-labs.de\/de\/wp-json\/wp\/v2\/types\/page"}],"author":[{"embeddable":true,"href":"https:\/\/www.izt-labs.de\/de\/wp-json\/wp\/v2\/users\/16"}],"replies":[{"embeddable":true,"href":"https:\/\/www.izt-labs.de\/de\/wp-json\/wp\/v2\/comments?post=5092"}],"version-history":[{"count":5,"href":"https:\/\/www.izt-labs.de\/de\/wp-json\/wp\/v2\/pages\/5092\/revisions"}],"predecessor-version":[{"id":5114,"href":"https:\/\/www.izt-labs.de\/de\/wp-json\/wp\/v2\/pages\/5092\/revisions\/5114"}],"wp:featuredmedia":[{"embeddable":true,"href":"https:\/\/www.izt-labs.de\/de\/wp-json\/wp\/v2\/media\/4320"}],"wp:attachment":[{"href":"https:\/\/www.izt-labs.de\/de\/wp-json\/wp\/v2\/media?parent=5092"}],"curies":[{"name":"wp","href":"https:\/\/api.w.org\/{rel}","templated":true}]}}