{"id":2751,"date":"2018-09-18T11:03:27","date_gmt":"2018-09-18T09:03:27","guid":{"rendered":"https:\/\/cms4.iz-t.de\/?page_id=2751"},"modified":"2018-10-25T14:04:13","modified_gmt":"2018-10-25T12:04:13","slug":"automotive-anwendungen","status":"publish","type":"page","link":"https:\/\/www.izt-labs.de\/de\/automotive-anwendungen\/","title":{"rendered":"Automotive Anwendungen"},"content":{"rendered":"<p>Als <strong>Zulieferer der Automobilindustrie<\/strong> bietet IZT leistungsf\u00e4higes <strong>HF Testequipment f\u00fcr den Automotive-Bereich<\/strong>. Die immer weiter fortschreitende Digitalisierung im Automotivebereich l\u00e4sst die Relevanz von zuverl\u00e4ssigem Testequipment immer weiter steigen. IZT ist Ihr starker Partner f\u00fcr Testequipment im Hochfrequenzbereich.<\/p>\n<p>Als <a href=\"https:\/\/www.izt-labs.de\/de\/kundenspezifische-loesungen\/\">kundenorientiertes Unternehmen<\/a> gehen wir gerne auf Ihre individuellen Anforderungen ein. Unter unseren <a href=\"https:\/\/www.izt-labs.de\/de\/referenzen\/\">Kunden<\/a> und Partnern befinden sich bereits zahlreiche renommierte Automobilhersteller, die auf unsere <strong>zuverl\u00e4ssigen HF-L\u00f6sungen<\/strong> bauen.<\/p>\n<p><strong>M\u00f6gliche Automotive-Anwendungen sind:<\/strong><\/p>\n<ul>\n<li>das Testen von eCall Units (<a href=\"https:\/\/www.izt-labs.de\/de\/mehrkanaliger-signalgenerator-izt-s1000-izt-s1010\/\">IZT S1000\/ IZT S1010<\/a>)<\/li>\n<li>Validierung von UKW-Rundfunk-Diversity-Tunern (Diversity antenna setup; <a href=\"https:\/\/www.izt-labs.de\/de\/izt-recplay\/\">IZT RecPlay<\/a>)<\/li>\n<li>Testen des nahtlosen \u00dcbergangs von DAB zu UKW im Feld (Multi-frequency antenna setup; <a href=\"https:\/\/www.izt-labs.de\/de\/izt-recplay\/\">IZT RecPlay<\/a>)<\/li>\n<\/ul>\n","protected":false},"excerpt":{"rendered":"<p>Als Zulieferer der Automobilindustrie bietet IZT leistungsf\u00e4higes HF Testequipment f\u00fcr den Automotive-Bereich. Die immer weiter fortschreitende Digitalisierung im Automotivebereich l\u00e4sst die Relevanz von zuverl\u00e4ssigem Testequipment immer weiter steigen. IZT ist Ihr starker Partner f\u00fcr Testequipment im Hochfrequenzbereich. Als kundenorientiertes Unternehmen \u2026<\/p>\n","protected":false},"author":11,"featured_media":2597,"parent":0,"menu_order":0,"comment_status":"closed","ping_status":"closed","template":"page-scenario.php","meta":{"_acf_changed":false,"footnotes":""},"class_list":["post-2751","page","type-page","status-publish","has-post-thumbnail","hentry"],"acf":[],"_links":{"self":[{"href":"https:\/\/www.izt-labs.de\/de\/wp-json\/wp\/v2\/pages\/2751","targetHints":{"allow":["GET"]}}],"collection":[{"href":"https:\/\/www.izt-labs.de\/de\/wp-json\/wp\/v2\/pages"}],"about":[{"href":"https:\/\/www.izt-labs.de\/de\/wp-json\/wp\/v2\/types\/page"}],"author":[{"embeddable":true,"href":"https:\/\/www.izt-labs.de\/de\/wp-json\/wp\/v2\/users\/11"}],"replies":[{"embeddable":true,"href":"https:\/\/www.izt-labs.de\/de\/wp-json\/wp\/v2\/comments?post=2751"}],"version-history":[{"count":11,"href":"https:\/\/www.izt-labs.de\/de\/wp-json\/wp\/v2\/pages\/2751\/revisions"}],"predecessor-version":[{"id":3089,"href":"https:\/\/www.izt-labs.de\/de\/wp-json\/wp\/v2\/pages\/2751\/revisions\/3089"}],"wp:featuredmedia":[{"embeddable":true,"href":"https:\/\/www.izt-labs.de\/de\/wp-json\/wp\/v2\/media\/2597"}],"wp:attachment":[{"href":"https:\/\/www.izt-labs.de\/de\/wp-json\/wp\/v2\/media?parent=2751"}],"curies":[{"name":"wp","href":"https:\/\/api.w.org\/{rel}","templated":true}]}}