{"id":1300,"date":"2024-04-10T07:32:14","date_gmt":"2024-04-10T05:32:14","guid":{"rendered":"http:\/\/izt.dechent-medienkommunikation.de\/?page_id=1300"},"modified":"2024-07-23T17:55:42","modified_gmt":"2024-07-23T15:55:42","slug":"kanalsimulatoren","status":"publish","type":"page","link":"https:\/\/www.izt-labs.de\/de\/kanalsimulatoren\/","title":{"rendered":"Kanalsimulatoren"},"content":{"rendered":"<p>Seit 2006 entwickelt IZT Kanalsimulatoren zur Simulation der \u00dcbertragung von Bodenstationen zu \u00a0<a href=\"https:\/\/www.izt-labs.de\/de\/empfaenger\/\" rel=\"noopener\">Empf\u00e4ngern<\/a> <strong>f\u00fcr Satelliten- und terrestrische Anwendungen<\/strong>.\u00a0Aktuelle Produkte wie der <a href=\"https:\/\/www.izt-labs.de\/de\/izt-c3040\/\" rel=\"noopener\">IZT\u00a0C3040<\/a> weisen 100 MHz Bandbreite auf , der <a href=\"https:\/\/www.izt-labs.de\/de\/izt-c6000\/\" rel=\"noopener\">IZT\u00a0C6000<\/a> verf\u00fcgt sogar \u00fcber <strong>600 MHz<\/strong> Bandbreite.<\/p>\n<a class=\"aufklappButton\">Mehr \u00fcber IZT Channel Emulators<\/a><div class=\"aufklapp\"><br \/>\nFunktionen wie <strong>Dopplereffekt<\/strong> (Verz\u00f6gerung und Frequenz\u00e4nderungen \u00fcber die Zeit), Ionosph\u00e4ren- und <strong>Interferenzsimulation<\/strong> im Uplink, <strong>MUX-Filterung<\/strong>, <strong>Phasenrauschsimulation <\/strong>und <strong>Nichtlinearit\u00e4ten<\/strong> in der \u00a0Payload oder Multipath-Fading sowie die Erzeugung von <strong>thermischem Rauschen<\/strong> im Downlink k\u00f6nnen mit den Ger\u00e4ten simuliert werden.<\/p>\n<p>Die IZT Kanalsimulatoren kombinieren <strong>herausragende RF-Leistung<\/strong> mit <strong>moderner digitaler Signalverarbeitung<\/strong>. Kunden, die die Ger\u00e4te im Einsatz haben, haben die Funktionalit\u00e4t bereits mehrfach best\u00e4tigt. <strong>Messergebnisse aus dem Labor<\/strong> konnten nach dem Start der Satelliten in den Weltraum \u00fcber die tats\u00e4chliche Funkstrecke <strong>reproduziert werden<\/strong>.<\/p>\n<p><strong>IZT Kanalsimulatoren<\/strong> wurden unter anderem <strong>in folgenden Projekten eingesetzt<\/strong>:<\/p>\n<ul>\n<li>Adaptives Codierungs- und Modulationsmodem f\u00fcr Breitbandkommunikation<\/li>\n<li>EGNOS NLES G2 HF Payload Simulator<\/li>\n<li>DVB-S2X<\/li>\n<li>Erdbeobachtung und Breitbandkommunikation<\/li>\n<\/ul>\n<p><\/div>\n","protected":false},"excerpt":{"rendered":"<p>Seit 2006 entwickelt IZT Kanalsimulatoren zur Simulation der \u00dcbertragung von Bodenstationen zu \u00a0Empf\u00e4ngern f\u00fcr Satelliten- und terrestrische Anwendungen.\u00a0Aktuelle Produkte wie der IZT\u00a0C3040 weisen 100 MHz Bandbreite auf , der IZT\u00a0C6000 verf\u00fcgt sogar \u00fcber 600 MHz Bandbreite.<\/p>\n","protected":false},"author":11,"featured_media":1811,"parent":0,"menu_order":0,"comment_status":"closed","ping_status":"closed","template":"page-productcategory.php","meta":{"_acf_changed":false,"footnotes":""},"class_list":["post-1300","page","type-page","status-publish","has-post-thumbnail","hentry"],"acf":[],"_links":{"self":[{"href":"https:\/\/www.izt-labs.de\/de\/wp-json\/wp\/v2\/pages\/1300","targetHints":{"allow":["GET"]}}],"collection":[{"href":"https:\/\/www.izt-labs.de\/de\/wp-json\/wp\/v2\/pages"}],"about":[{"href":"https:\/\/www.izt-labs.de\/de\/wp-json\/wp\/v2\/types\/page"}],"author":[{"embeddable":true,"href":"https:\/\/www.izt-labs.de\/de\/wp-json\/wp\/v2\/users\/11"}],"replies":[{"embeddable":true,"href":"https:\/\/www.izt-labs.de\/de\/wp-json\/wp\/v2\/comments?post=1300"}],"version-history":[{"count":11,"href":"https:\/\/www.izt-labs.de\/de\/wp-json\/wp\/v2\/pages\/1300\/revisions"}],"predecessor-version":[{"id":6011,"href":"https:\/\/www.izt-labs.de\/de\/wp-json\/wp\/v2\/pages\/1300\/revisions\/6011"}],"wp:featuredmedia":[{"embeddable":true,"href":"https:\/\/www.izt-labs.de\/de\/wp-json\/wp\/v2\/media\/1811"}],"wp:attachment":[{"href":"https:\/\/www.izt-labs.de\/de\/wp-json\/wp\/v2\/media?parent=1300"}],"curies":[{"name":"wp","href":"https:\/\/api.w.org\/{rel}","templated":true}]}}