{"id":1299,"date":"2018-04-10T07:30:57","date_gmt":"2018-04-10T05:30:57","guid":{"rendered":"http:\/\/izt.dechent-medienkommunikation.de\/?page_id=1299"},"modified":"2018-11-23T10:30:57","modified_gmt":"2018-11-23T09:30:57","slug":"aufnahme-wiedergabe","status":"publish","type":"page","link":"https:\/\/www.izt-labs.de\/de\/aufnahme-wiedergabe\/","title":{"rendered":"Aufnahme &#038; Wiedergabe"},"content":{"rendered":"<p>Das <strong>innovative, hochleistungsf\u00e4hige Aufnahme- und Wiedergabe-System<\/strong> von IZT f\u00fcr hochwertige HF-Signale bietet Kunden <strong>erhebliche Kosteneinsparungen<\/strong> bei Praxistests, <strong>wiederholbaren Labortests<\/strong>, der <strong>Wiedergabe echter HF-Umgebungen<\/strong> und erheblichen Zeitersparnissen bei der Produktentwicklung bis zur Marktreife.<\/p>\n<a class=\"aufklappButton\">Mehr \u00fcber IZT Aufnahme- &amp; Wiedergabesysteme<\/a><div class=\"aufklapp\"><br \/>\n<a href=\"https:\/\/www.izt-labs.de\/de\/izt-recplay\/\">Das IZT Aufnahme- und Wiedergabe-System<\/a> ist die ideale Plattform f\u00fcr die <strong>Validierung<\/strong> von<\/p>\n<ul>\n<li>analogen und digitalen Radio- und Rundfunksystemen<\/li>\n<li>Telekommunikationssystemen<\/li>\n<li>und Global Navigation Satellite Systemen (GNSS)<\/li>\n<li>sowie f\u00fcr die Entwicklung von Autoinfotainmentsystemen und Chips\u00e4tzen.<\/li>\n<\/ul>\n<p>Das IZT RecPlay System beinhaltet einen <a href=\"https:\/\/www.izt-labs.de\/de\/izt-r3301\/\">hochmodernen Breitbandrekorder<\/a> mit integriertem Hochleistungs-RF-Empf\u00e4nger und einen <a href=\"https:\/\/www.izt-labs.de\/de\/mehrkanaliger-signalgenerator-izt-s1000-izt-s1010\/\">revolution\u00e4ren Signalgenerator<\/a>, der 31 virtuelle Signalgeneratoren in einer Plattform vereint.<\/p>\n<p>Mit einer <strong>Echtzeitbandbreite von bis zu 25 MHz<\/strong> und einem <strong>Frequenzbereich von 9 kHz bis 3 GHz, 6 GHz oder 18 GHz<\/strong> kann der Recorder beispielsweise das komplette FM-Rundfunkband in einem einzigen Datenstrom aufzeichnen. Eine unerreichte <strong>Bandbreite von 120 MHz<\/strong> erm\u00f6glicht es dem Replay-Generator mehrere aufgezeichnete und berechnete Szenarien zu kombinieren.<\/p>\n<p>Der <a href=\"https:\/\/www.izt-labs.de\/de\/izt-data-processor-2\/\">IZT Signal Suite Dataprozessor<\/a> ist die zugeh\u00f6rige leistungsstarke und gleichzeitig <strong>einzigartige Datenverarbeitungssoftware<\/strong>, mit welcher aufgezeichnete <strong>Daten im Offline-Modus \u00fcberpr\u00fcft und bearbeitet <\/strong>werden k\u00f6nnen. Mit dem IZT Signal Suite Datenprozessor k\u00f6nnen einzelne Signale aus einer Aufzeichnung extrahiert oder kombiniert werden. Verschiedene Plug-Ins der IZT Signal Suite Software erm\u00f6glichen eine gro\u00dfe Anzahl von Softwareoptionen f\u00fcr <strong>Ihre spezielle Anwendung.<\/strong><br \/>\n<\/div>\n","protected":false},"excerpt":{"rendered":"<p>Das innovative, hochleistungsf\u00e4hige Aufnahme- und Wiedergabe-System von IZT f\u00fcr hochwertige HF-Signale bietet Kunden erhebliche Kosteneinsparungen bei Praxistests, wiederholbaren Labortests, der Wiedergabe echter HF-Umgebungen und erheblichen Zeitersparnissen bei der Produktentwicklung bis zur Marktreife.<\/p>\n","protected":false},"author":11,"featured_media":3350,"parent":0,"menu_order":0,"comment_status":"closed","ping_status":"closed","template":"page-productcategory.php","meta":{"_acf_changed":false,"footnotes":""},"class_list":["post-1299","page","type-page","status-publish","has-post-thumbnail","hentry"],"acf":[],"_links":{"self":[{"href":"https:\/\/www.izt-labs.de\/de\/wp-json\/wp\/v2\/pages\/1299","targetHints":{"allow":["GET"]}}],"collection":[{"href":"https:\/\/www.izt-labs.de\/de\/wp-json\/wp\/v2\/pages"}],"about":[{"href":"https:\/\/www.izt-labs.de\/de\/wp-json\/wp\/v2\/types\/page"}],"author":[{"embeddable":true,"href":"https:\/\/www.izt-labs.de\/de\/wp-json\/wp\/v2\/users\/11"}],"replies":[{"embeddable":true,"href":"https:\/\/www.izt-labs.de\/de\/wp-json\/wp\/v2\/comments?post=1299"}],"version-history":[{"count":10,"href":"https:\/\/www.izt-labs.de\/de\/wp-json\/wp\/v2\/pages\/1299\/revisions"}],"predecessor-version":[{"id":3360,"href":"https:\/\/www.izt-labs.de\/de\/wp-json\/wp\/v2\/pages\/1299\/revisions\/3360"}],"wp:featuredmedia":[{"embeddable":true,"href":"https:\/\/www.izt-labs.de\/de\/wp-json\/wp\/v2\/media\/3350"}],"wp:attachment":[{"href":"https:\/\/www.izt-labs.de\/de\/wp-json\/wp\/v2\/media?parent=1299"}],"curies":[{"name":"wp","href":"https:\/\/api.w.org\/{rel}","templated":true}]}}