{"id":1287,"date":"2018-04-10T07:11:55","date_gmt":"2018-04-10T05:11:55","guid":{"rendered":"http:\/\/izt.dechent-medienkommunikation.de\/?page_id=1287"},"modified":"2018-11-28T10:21:18","modified_gmt":"2018-11-28T09:21:18","slug":"kundenspezifische-loesungen","status":"publish","type":"page","link":"https:\/\/www.izt-labs.de\/de\/kundenspezifische-loesungen\/","title":{"rendered":"Kundenspezifische L\u00f6sungen"},"content":{"rendered":"<div class=\"txt\">\n<p id=\"tw-target-text\" class=\"tw-data-text tw-ta tw-text-small\" dir=\"ltr\" data-placeholder=\"\u00dcbersetzung\"><span lang=\"de\">Die IZT GmbH, eine Ausgr\u00fcndung eines renommierten deutschen Forschungsunternehmens, verf\u00fcgt \u00fcber eine<strong> langj\u00e4hrige Erfahrung<\/strong> im <strong>Aufbau von Testumgebungen<\/strong> f\u00fcr kundenspezifische wissenschaftliche L\u00f6sungen. Wir w\u00fcrden uns freuen, Ihre Forschung mit unserer <strong>innovativen Technologie<\/strong> zu unterst\u00fctzen.<\/span><\/p>\n<a class=\"aufklappButton\">Mehr \u00fcber kundenspezifische L\u00f6sungen von IZT<\/a><div class=\"aufklapp\"><\/p>\n<p class=\"bodytext hon Hyphenator389css3hyphenate\">Die IZT GmbH verf\u00fcgt \u00fcber<strong> umfassendes Wissen<\/strong> auf folgenden Gebieten:<\/p>\n<ul>\n<li>\u00dcbertragungstechnik,<\/li>\n<li>Digitaler Rundfunk,<\/li>\n<li>Software-defined Radio,<\/li>\n<li>Signalverarbeitung,<\/li>\n<li>Hochfrequenztechnik (Leistungsverst\u00e4rker, Filter, Frequenzumsetzer),<\/li>\n<li>Sender f\u00fcr digitalen Rundfunk und Satellitenkommunikation,<\/li>\n<li>Implementierung von Algorithmen in FPGAs,<\/li>\n<li>Leistungsf\u00e4hige AD\/DA-Umsetzung von Signalen,<\/li>\n<li>Elektromagnetische Vertr\u00e4glichkeit (EMV).<\/li>\n<\/ul>\n<p class=\"bodytext hon Hyphenator389css3hyphenate\">Mit <strong>unserer langj\u00e4hrigen Erfahrung<\/strong> unterst\u00fctzen wir unsere Kunden und Gesch\u00e4ftspartner, darunter auch namhafte gro\u00dfe Firmen, bei <strong>Systementwicklung und Systemspezifikation, Implementierung und der L\u00f6sung technischer Probleme<\/strong>. Der Leistungsumfang erstreckt sich dabei vom Beratungsgespr\u00e4ch \u00fcber die Konzeption bis hin zu vollst\u00e4ndigen Entwicklungen und nachfolgender Serienproduktion. Unsere St\u00e4rke ist unsere kundenspezifische Ausrichtung.<\/p>\n<p class=\"bodytext hon Hyphenator389css3hyphenate\"><b class=\" Hyphenator389css3hyphenate\">Bitte wenden Sie sich mit Ihrer <a href=\"https:\/\/www.izt-labs.de\/de\/kontakt\/\" rel=\"noopener\">Anfrage an unser Vertriebsteam<\/a>. <\/b><\/p>\n<\/div>\n<p><\/div>\n","protected":false},"excerpt":{"rendered":"<p>Die IZT GmbH, eine Ausgr\u00fcndung eines renommierten deutschen Forschungsunternehmens, verf\u00fcgt \u00fcber eine langj\u00e4hrige Erfahrung im Aufbau von Testumgebungen f\u00fcr kundenspezifische wissenschaftliche L\u00f6sungen. Wir w\u00fcrden uns freuen, Ihre Forschung mit unserer innovativen Technologie zu unterst\u00fctzen.<\/p>\n","protected":false},"author":11,"featured_media":1923,"parent":0,"menu_order":0,"comment_status":"closed","ping_status":"closed","template":"page-productcategory.php","meta":{"_acf_changed":false,"footnotes":""},"class_list":["post-1287","page","type-page","status-publish","has-post-thumbnail","hentry"],"acf":[],"_links":{"self":[{"href":"https:\/\/www.izt-labs.de\/de\/wp-json\/wp\/v2\/pages\/1287","targetHints":{"allow":["GET"]}}],"collection":[{"href":"https:\/\/www.izt-labs.de\/de\/wp-json\/wp\/v2\/pages"}],"about":[{"href":"https:\/\/www.izt-labs.de\/de\/wp-json\/wp\/v2\/types\/page"}],"author":[{"embeddable":true,"href":"https:\/\/www.izt-labs.de\/de\/wp-json\/wp\/v2\/users\/11"}],"replies":[{"embeddable":true,"href":"https:\/\/www.izt-labs.de\/de\/wp-json\/wp\/v2\/comments?post=1287"}],"version-history":[{"count":10,"href":"https:\/\/www.izt-labs.de\/de\/wp-json\/wp\/v2\/pages\/1287\/revisions"}],"predecessor-version":[{"id":3286,"href":"https:\/\/www.izt-labs.de\/de\/wp-json\/wp\/v2\/pages\/1287\/revisions\/3286"}],"wp:featuredmedia":[{"embeddable":true,"href":"https:\/\/www.izt-labs.de\/de\/wp-json\/wp\/v2\/media\/1923"}],"wp:attachment":[{"href":"https:\/\/www.izt-labs.de\/de\/wp-json\/wp\/v2\/media?parent=1287"}],"curies":[{"name":"wp","href":"https:\/\/api.w.org\/{rel}","templated":true}]}}