{"id":1229,"date":"2023-04-06T13:23:55","date_gmt":"2023-04-06T11:23:55","guid":{"rendered":"http:\/\/izt.dechent-medienkommunikation.de\/?page_id=1229"},"modified":"2024-06-19T14:58:23","modified_gmt":"2024-06-19T12:58:23","slug":"empfaenger","status":"publish","type":"page","link":"https:\/\/www.izt-labs.de\/de\/empfaenger\/","title":{"rendered":"Empf\u00e4nger"},"content":{"rendered":"<p><strong>Hochfrequenztechnologie auf Weltklasse-Niveau <\/strong>und hohe <strong>Flexibilit\u00e4t<\/strong> machen unsere Produkte im Bereich <strong>Funkerfassung in dieser Qualit\u00e4t einmalig<\/strong>. Die IZT-Empf\u00e4nger decken alle professionellen Bereiche ab, von <strong>Kommunikationsintelligenz<\/strong> \u00fcber <strong>Pr\u00fcf- und Messverfahren<\/strong> bis hin zu <strong>ITU-konformen Spektrum-Monitoring- und Automotive-Anwendungen<\/strong>. Unsere digitalen Breitbandempf\u00e4nger bieten die richtige L\u00f6sung f\u00fcr Ihre Anwendung &#8211; entweder <strong>Rack-basiert, robust oder mobil<\/strong>.<\/p>\n<a class=\"aufklappButton\">Mehr \u00fcber IZT Empf\u00e4nger<\/a><div class=\"aufklapp\"><br \/>\nMit Empfangssystemen, die f\u00fcr die <a href=\"https:\/\/www.izt-labs.de\/de\/funkpeiler\/\" target=\"_blank\" rel=\"noopener\">Peilung<\/a> optimiert sind und sich direkt an der Antenne befinden, wird eine <strong>hervorragende Performance<\/strong> erreicht. Die Anwendungsgebiete sind <strong>Erfassung, Analyse und Klassifizierung<\/strong> von Signalen. Darunter fallen unter anderem <a href=\"https:\/\/www.izt-labs.de\/de\/comint-simulator\/\" rel=\"noopener\">COMINT-Systeme<\/a>, automatische Signalerfassung, Funk-Peilungssysteme und ITU-\u00dcberwachung.<br \/>\n<\/div>\n","protected":false},"excerpt":{"rendered":"<p>Hochfrequenztechnologie auf Weltklasse-Niveau und hohe Flexibilit\u00e4t machen unsere Produkte im Bereich Funkerfassung in dieser Qualit\u00e4t einmalig. Die IZT-Empf\u00e4nger decken alle professionellen Bereiche ab, von Kommunikationsintelligenz \u00fcber Pr\u00fcf- und Messverfahren bis hin zu ITU-konformen Spektrum-Monitoring- und Automotive-Anwendungen. Unsere digitalen Breitbandempf\u00e4nger bieten \u2026<\/p>\n","protected":false},"author":11,"featured_media":3348,"parent":0,"menu_order":0,"comment_status":"closed","ping_status":"closed","template":"page-productcategory.php","meta":{"_acf_changed":false,"footnotes":""},"class_list":["post-1229","page","type-page","status-publish","has-post-thumbnail","hentry"],"acf":[],"_links":{"self":[{"href":"https:\/\/www.izt-labs.de\/de\/wp-json\/wp\/v2\/pages\/1229","targetHints":{"allow":["GET"]}}],"collection":[{"href":"https:\/\/www.izt-labs.de\/de\/wp-json\/wp\/v2\/pages"}],"about":[{"href":"https:\/\/www.izt-labs.de\/de\/wp-json\/wp\/v2\/types\/page"}],"author":[{"embeddable":true,"href":"https:\/\/www.izt-labs.de\/de\/wp-json\/wp\/v2\/users\/11"}],"replies":[{"embeddable":true,"href":"https:\/\/www.izt-labs.de\/de\/wp-json\/wp\/v2\/comments?post=1229"}],"version-history":[{"count":12,"href":"https:\/\/www.izt-labs.de\/de\/wp-json\/wp\/v2\/pages\/1229\/revisions"}],"predecessor-version":[{"id":5120,"href":"https:\/\/www.izt-labs.de\/de\/wp-json\/wp\/v2\/pages\/1229\/revisions\/5120"}],"wp:featuredmedia":[{"embeddable":true,"href":"https:\/\/www.izt-labs.de\/de\/wp-json\/wp\/v2\/media\/3348"}],"wp:attachment":[{"href":"https:\/\/www.izt-labs.de\/de\/wp-json\/wp\/v2\/media?parent=1229"}],"curies":[{"name":"wp","href":"https:\/\/api.w.org\/{rel}","templated":true}]}}