{"id":1216,"date":"2018-03-28T11:35:14","date_gmt":"2018-03-28T09:35:14","guid":{"rendered":"http:\/\/izt.dechent-medienkommunikation.de\/?page_id=1216"},"modified":"2018-11-20T16:12:59","modified_gmt":"2018-11-20T15:12:59","slug":"digitaler-rundfunk","status":"publish","type":"page","link":"https:\/\/www.izt-labs.de\/de\/digitaler-rundfunk\/","title":{"rendered":"Digitaler Rundfunk"},"content":{"rendered":"<p>IZT-L\u00f6sungen f\u00fcr das digitale Radio umfassen das <a href=\"https:\/\/www.izt-labs.de\/de\/izt-dab-contentserver\/\" rel=\"noopener\">ContentServer-System f\u00fcr DAB<\/a>&#8211; und <a href=\"https:\/\/www.izt-labs.de\/de\/izt-drm-contentserver\/\" rel=\"noopener\">DRM-Head-Ends<\/a>. Der DAB \/ DRM ContentServer ist ein komplettes softwarebasiertes <strong>Head-End-System f\u00fcr digitales Radio<\/strong>, das <strong>Audiocodierung, Datendienstmanagement und Multiplexing kombiniert<\/strong>.<\/p>\n<a class=\"aufklappButton\">Mehr \u00fcber IZT Digitaler Rundfunk<\/a><div class=\"aufklapp\"><br \/>\nGenerell l\u00e4sst sich das Feld digitaler Rundfunk aus Sicht von IZT in die zwei Use-Cases <strong>Broadcast-Infrastrukturen <\/strong>und <strong>Empf\u00e4ngerentwicklung <\/strong>gliedern. Klassische Einsatzgebiete sind Betrieb von DAB- und DRM-Netzwerken und Testen von DAB \/ DRM-Empf\u00e4ngern.<\/p>\n<p>Die <strong>softwarebasierten L\u00f6sungen<\/strong> f\u00fcr das digitale Radio von IZT sind perfekt f\u00fcr den Betrieb in virtualisierten Umgebungen geeignet. Basierend auf ausgereiften Technologien und permanenter Weiterentwicklung liefert IZT <strong>flexible und skalierbare Systeme<\/strong>, um den Anforderungen und Kundenbed\u00fcrfnissen gerecht zu werden.<\/p>\n<p><strong>Hohe Zuverl\u00e4ssigkeit, verbesserte Redundanzkonzepte, minimierte Ausfallzeiten<\/strong> und eine einfache Migration von neuer Hardware oder Virtualisierung sorgen f\u00fcr <strong>zukunftssichere L\u00f6sungen<\/strong>. Die Basis daf\u00fcr bildet etablierte Fraunhofer-Software, die f\u00fcr <strong>h\u00f6chste Audioqualit\u00e4t und langj\u00e4hrige Expertise<\/strong> steht.<\/p>\n<p>Die vollst\u00e4ndig softwarebasierende ContentServer-Technologie erm\u00f6glicht den Betrieb von DAB Multiplexer als virtuelle Maschinen in IT-Rechenzentren.<\/p>\n<p>In der Empf\u00e4ngerentwicklung wird das IZT-Equipment f\u00fcr die digitale \u00dcbertragung perfekt erg\u00e4nzt durch den<a href=\"https:\/\/www.izt-labs.de\/de\/mehrkanaliger-signalgenerator-izt-s1000-izt-s1010\/\" rel=\"noopener\"> IZT S1000 \/ S1010<\/a> f\u00fcr die <strong>Generierung von Testsignalen<\/strong>. Die Setups unterst\u00fctzen DAB- und DRM-Standards. Dies beinhaltet Implementierung und Test von erweiterten Datendiensten wie SPI \/ EPG, TPEG und einen kombinierten <strong>Empf\u00e4nger-Test<\/strong> mit FM, DAB, DRM, und vielen weiteren \u00dcbertragungsstandards inklusive Service-Following (alternative Frequenzen).<br \/>\n<\/div>\n","protected":false},"excerpt":{"rendered":"<p>IZT-L\u00f6sungen f\u00fcr das digitale Radio umfassen das ContentServer-System f\u00fcr DAB&#8211; und DRM-Head-Ends. Der DAB \/ DRM ContentServer ist ein komplettes softwarebasiertes Head-End-System f\u00fcr digitales Radio, das Audiocodierung, Datendienstmanagement und Multiplexing kombiniert.<\/p>\n","protected":false},"author":11,"featured_media":1381,"parent":0,"menu_order":0,"comment_status":"closed","ping_status":"closed","template":"page-productcategory.php","meta":{"_acf_changed":false,"footnotes":""},"class_list":["post-1216","page","type-page","status-publish","has-post-thumbnail","hentry"],"acf":[],"_links":{"self":[{"href":"https:\/\/www.izt-labs.de\/de\/wp-json\/wp\/v2\/pages\/1216","targetHints":{"allow":["GET"]}}],"collection":[{"href":"https:\/\/www.izt-labs.de\/de\/wp-json\/wp\/v2\/pages"}],"about":[{"href":"https:\/\/www.izt-labs.de\/de\/wp-json\/wp\/v2\/types\/page"}],"author":[{"embeddable":true,"href":"https:\/\/www.izt-labs.de\/de\/wp-json\/wp\/v2\/users\/11"}],"replies":[{"embeddable":true,"href":"https:\/\/www.izt-labs.de\/de\/wp-json\/wp\/v2\/comments?post=1216"}],"version-history":[{"count":8,"href":"https:\/\/www.izt-labs.de\/de\/wp-json\/wp\/v2\/pages\/1216\/revisions"}],"predecessor-version":[{"id":3288,"href":"https:\/\/www.izt-labs.de\/de\/wp-json\/wp\/v2\/pages\/1216\/revisions\/3288"}],"wp:featuredmedia":[{"embeddable":true,"href":"https:\/\/www.izt-labs.de\/de\/wp-json\/wp\/v2\/media\/1381"}],"wp:attachment":[{"href":"https:\/\/www.izt-labs.de\/de\/wp-json\/wp\/v2\/media?parent=1216"}],"curies":[{"name":"wp","href":"https:\/\/api.w.org\/{rel}","templated":true}]}}